{"id":2942,"date":"2020-09-18T13:24:57","date_gmt":"2020-09-18T11:24:57","guid":{"rendered":"https:\/\/www.historicwheels.be\/webshop\/"},"modified":"2023-11-15T13:47:45","modified_gmt":"2023-11-15T12:47:45","slug":"online-shops","status":"publish","type":"page","link":"https:\/\/www.historicwheels.be\/fr\/online-shops\/","title":{"rendered":"Webshop"},"content":{"rendered":"\n<h2>Nos boutiques en lignes sp\u00e9cialis\u00e9es<\/h2>\n\n\n\n<p>Si vous \u00eates int\u00e9ress\u00e9es au VW refroidi par air, visitez notre boutique en ligne <strong>www.vwaircooledparts.com<\/strong> (cliquez sur le banier ci-dessous)<\/p>\n\n\n\n<figure class=\"wp-block-image\"><a href=\"http:\/\/www.keveronderdelen.be\" target=\"_blank\" rel=\"noreferrer noopener\"><img loading=\"lazy\" width=\"831\" height=\"165\" src=\"https:\/\/www.historicwheels.be\/wp-content\/uploads\/2018\/10\/logo20keveronderdelen.png\" alt=\"\" class=\"wp-image-859\" srcset=\"https:\/\/www.historicwheels.be\/wp-content\/uploads\/2018\/10\/logo20keveronderdelen.png 831w, https:\/\/www.historicwheels.be\/wp-content\/uploads\/2018\/10\/logo20keveronderdelen-300x60.png 300w, https:\/\/www.historicwheels.be\/wp-content\/uploads\/2018\/10\/logo20keveronderdelen-768x152.png 768w\" sizes=\"(max-width: 831px) 100vw, 831px\" \/><\/a><\/figure>\n\n\n\n<p>Si vous \u00eates passionn\u00e9e par des pi\u00e8ces originales VAG ou autres marques de vieilles voitures ou motocyclettes, vous pouvez visiter notre boutique en ligne <a href=\"http:\/\/www.vagclassicparts.com\" target=\"_blank\" rel=\"noreferrer noopener\">http:\/\/www.vagclassicparts.com<\/a> qui est en cours d&rsquo;adaptation \u00e0 <a href=\"http:\/\/www.classic-parts-shop.com\" target=\"_blank\" rel=\"noreferrer noopener\">http:\/\/www.classic-parts-shop.com<\/a>(cliquez sur le banier ci-dessous). Nous avons beaucoup plus de pi\u00e8ces dans notre entrep\u00f4t.<\/p>\n\n\n\n<p><a href=\"http:\/\/www.classic-parts-shop.com\" target=\"_blank\" rel=\"noreferrer noopener\"><img loading=\"lazy\" width=\"1712\" height=\"341\" class=\"wp-image-3452\" style=\"width: 500px;\" src=\"https:\/\/www.historicwheels.be\/wp-content\/uploads\/2023\/11\/Logo-JPG.jpg\" alt=\"\" srcset=\"https:\/\/www.historicwheels.be\/wp-content\/uploads\/2023\/11\/Logo-JPG.jpg 1712w, https:\/\/www.historicwheels.be\/wp-content\/uploads\/2023\/11\/Logo-JPG-300x60.jpg 300w, https:\/\/www.historicwheels.be\/wp-content\/uploads\/2023\/11\/Logo-JPG-1024x204.jpg 1024w, https:\/\/www.historicwheels.be\/wp-content\/uploads\/2023\/11\/Logo-JPG-768x153.jpg 768w, https:\/\/www.historicwheels.be\/wp-content\/uploads\/2023\/11\/Logo-JPG-1536x306.jpg 1536w\" sizes=\"(max-width: 1712px) 100vw, 1712px\" \/><\/a><\/p>\n","protected":false},"excerpt":{"rendered":"<p>Nos boutiques en lignes sp\u00e9cialis\u00e9es Si vous \u00eates int\u00e9ress\u00e9es au VW refroidi par air, visitez notre boutique en ligne www.vwaircooledparts.com (cliquez sur le banier ci-dessous) Si vous \u00eates passionn\u00e9e par des pi\u00e8ces originales VAG ou autres marques de vieilles voitures ou motocyclettes, vous pouvez visiter notre boutique en ligne http:\/\/www.vagclassicparts.com qui est en cours d&rsquo;adaptation [&hellip;]<\/p>\n","protected":false},"author":1,"featured_media":0,"parent":0,"menu_order":0,"comment_status":"closed","ping_status":"closed","template":"","meta":{"_mi_skip_tracking":false},"acf":[],"yoast_head":"<!-- This site is optimized with the Yoast SEO plugin v19.1 - https:\/\/yoast.com\/wordpress\/plugins\/seo\/ -->\n<title>Webshop - Historic Wheels Meulebeke<\/title>\n<meta name=\"robots\" content=\"index, follow, max-snippet:-1, max-image-preview:large, max-video-preview:-1\" \/>\n<link rel=\"canonical\" href=\"https:\/\/www.historicwheels.be\/fr\/online-shops\/\" \/>\n<meta property=\"og:locale\" content=\"fr_FR\" \/>\n<meta property=\"og:type\" content=\"article\" \/>\n<meta property=\"og:title\" content=\"Webshop - Historic Wheels Meulebeke\" \/>\n<meta property=\"og:description\" content=\"Nos boutiques en lignes sp\u00e9cialis\u00e9es Si vous \u00eates int\u00e9ress\u00e9es au VW refroidi par air, visitez notre boutique en ligne www.vwaircooledparts.com (cliquez sur le banier ci-dessous) Si vous \u00eates passionn\u00e9e par des pi\u00e8ces originales VAG ou autres marques de vieilles voitures ou motocyclettes, vous pouvez visiter notre boutique en ligne http:\/\/www.vagclassicparts.com qui est en cours d&rsquo;adaptation [&hellip;]\" \/>\n<meta property=\"og:url\" content=\"https:\/\/www.historicwheels.be\/fr\/online-shops\/\" \/>\n<meta property=\"og:site_name\" content=\"Historic Wheels Meulebeke\" \/>\n<meta property=\"article:modified_time\" content=\"2023-11-15T12:47:45+00:00\" \/>\n<meta property=\"og:image\" content=\"https:\/\/www.historicwheels.be\/wp-content\/uploads\/2018\/10\/logo20keveronderdelen.png\" \/>\n<meta name=\"twitter:card\" content=\"summary_large_image\" \/>\n<meta name=\"twitter:label1\" content=\"Dur\u00e9e de lecture estim\u00e9e\" \/>\n\t<meta name=\"twitter:data1\" content=\"1 minute\" \/>\n<script type=\"application\/ld+json\" class=\"yoast-schema-graph\">{\"@context\":\"https:\/\/schema.org\",\"@graph\":[{\"@type\":\"WebSite\",\"@id\":\"https:\/\/www.historicwheels.be\/#website\",\"url\":\"https:\/\/www.historicwheels.be\/\",\"name\":\"Historic Wheels Meulebeke\",\"description\":\"Restauratie Auto&#039;s\",\"potentialAction\":[{\"@type\":\"SearchAction\",\"target\":{\"@type\":\"EntryPoint\",\"urlTemplate\":\"https:\/\/www.historicwheels.be\/?s={search_term_string}\"},\"query-input\":\"required name=search_term_string\"}],\"inLanguage\":\"fr-FR\"},{\"@type\":\"ImageObject\",\"inLanguage\":\"fr-FR\",\"@id\":\"https:\/\/www.historicwheels.be\/fr\/online-shops\/#primaryimage\",\"url\":\"https:\/\/www.historicwheels.be\/wp-content\/uploads\/2018\/10\/logo20keveronderdelen.png\",\"contentUrl\":\"https:\/\/www.historicwheels.be\/wp-content\/uploads\/2018\/10\/logo20keveronderdelen.png\",\"width\":831,\"height\":165},{\"@type\":\"WebPage\",\"@id\":\"https:\/\/www.historicwheels.be\/fr\/online-shops\/#webpage\",\"url\":\"https:\/\/www.historicwheels.be\/fr\/online-shops\/\",\"name\":\"Webshop - Historic Wheels Meulebeke\",\"isPartOf\":{\"@id\":\"https:\/\/www.historicwheels.be\/#website\"},\"primaryImageOfPage\":{\"@id\":\"https:\/\/www.historicwheels.be\/fr\/online-shops\/#primaryimage\"},\"datePublished\":\"2020-09-18T11:24:57+00:00\",\"dateModified\":\"2023-11-15T12:47:45+00:00\",\"breadcrumb\":{\"@id\":\"https:\/\/www.historicwheels.be\/fr\/online-shops\/#breadcrumb\"},\"inLanguage\":\"fr-FR\",\"potentialAction\":[{\"@type\":\"ReadAction\",\"target\":[\"https:\/\/www.historicwheels.be\/fr\/online-shops\/\"]}]},{\"@type\":\"BreadcrumbList\",\"@id\":\"https:\/\/www.historicwheels.be\/fr\/online-shops\/#breadcrumb\",\"itemListElement\":[{\"@type\":\"ListItem\",\"position\":1,\"name\":\"Home\",\"item\":\"https:\/\/www.historicwheels.be\/fr\/\"},{\"@type\":\"ListItem\",\"position\":2,\"name\":\"Webshop\"}]}]}<\/script>\n<!-- \/ Yoast SEO plugin. -->","yoast_head_json":{"title":"Webshop - Historic Wheels Meulebeke","robots":{"index":"index","follow":"follow","max-snippet":"max-snippet:-1","max-image-preview":"max-image-preview:large","max-video-preview":"max-video-preview:-1"},"canonical":"https:\/\/www.historicwheels.be\/fr\/online-shops\/","og_locale":"fr_FR","og_type":"article","og_title":"Webshop - Historic Wheels Meulebeke","og_description":"Nos boutiques en lignes sp\u00e9cialis\u00e9es Si vous \u00eates int\u00e9ress\u00e9es au VW refroidi par air, visitez notre boutique en ligne www.vwaircooledparts.com (cliquez sur le banier ci-dessous) Si vous \u00eates passionn\u00e9e par des pi\u00e8ces originales VAG ou autres marques de vieilles voitures ou motocyclettes, vous pouvez visiter notre boutique en ligne http:\/\/www.vagclassicparts.com qui est en cours d&rsquo;adaptation [&hellip;]","og_url":"https:\/\/www.historicwheels.be\/fr\/online-shops\/","og_site_name":"Historic Wheels Meulebeke","article_modified_time":"2023-11-15T12:47:45+00:00","og_image":[{"url":"https:\/\/www.historicwheels.be\/wp-content\/uploads\/2018\/10\/logo20keveronderdelen.png"}],"twitter_card":"summary_large_image","twitter_misc":{"Dur\u00e9e de lecture estim\u00e9e":"1 minute"},"schema":{"@context":"https:\/\/schema.org","@graph":[{"@type":"WebSite","@id":"https:\/\/www.historicwheels.be\/#website","url":"https:\/\/www.historicwheels.be\/","name":"Historic Wheels Meulebeke","description":"Restauratie Auto&#039;s","potentialAction":[{"@type":"SearchAction","target":{"@type":"EntryPoint","urlTemplate":"https:\/\/www.historicwheels.be\/?s={search_term_string}"},"query-input":"required name=search_term_string"}],"inLanguage":"fr-FR"},{"@type":"ImageObject","inLanguage":"fr-FR","@id":"https:\/\/www.historicwheels.be\/fr\/online-shops\/#primaryimage","url":"https:\/\/www.historicwheels.be\/wp-content\/uploads\/2018\/10\/logo20keveronderdelen.png","contentUrl":"https:\/\/www.historicwheels.be\/wp-content\/uploads\/2018\/10\/logo20keveronderdelen.png","width":831,"height":165},{"@type":"WebPage","@id":"https:\/\/www.historicwheels.be\/fr\/online-shops\/#webpage","url":"https:\/\/www.historicwheels.be\/fr\/online-shops\/","name":"Webshop - Historic Wheels Meulebeke","isPartOf":{"@id":"https:\/\/www.historicwheels.be\/#website"},"primaryImageOfPage":{"@id":"https:\/\/www.historicwheels.be\/fr\/online-shops\/#primaryimage"},"datePublished":"2020-09-18T11:24:57+00:00","dateModified":"2023-11-15T12:47:45+00:00","breadcrumb":{"@id":"https:\/\/www.historicwheels.be\/fr\/online-shops\/#breadcrumb"},"inLanguage":"fr-FR","potentialAction":[{"@type":"ReadAction","target":["https:\/\/www.historicwheels.be\/fr\/online-shops\/"]}]},{"@type":"BreadcrumbList","@id":"https:\/\/www.historicwheels.be\/fr\/online-shops\/#breadcrumb","itemListElement":[{"@type":"ListItem","position":1,"name":"Home","item":"https:\/\/www.historicwheels.be\/fr\/"},{"@type":"ListItem","position":2,"name":"Webshop"}]}]}},"_links":{"self":[{"href":"https:\/\/www.historicwheels.be\/fr\/wp-json\/wp\/v2\/pages\/2942"}],"collection":[{"href":"https:\/\/www.historicwheels.be\/fr\/wp-json\/wp\/v2\/pages"}],"about":[{"href":"https:\/\/www.historicwheels.be\/fr\/wp-json\/wp\/v2\/types\/page"}],"author":[{"embeddable":true,"href":"https:\/\/www.historicwheels.be\/fr\/wp-json\/wp\/v2\/users\/1"}],"replies":[{"embeddable":true,"href":"https:\/\/www.historicwheels.be\/fr\/wp-json\/wp\/v2\/comments?post=2942"}],"version-history":[{"count":11,"href":"https:\/\/www.historicwheels.be\/fr\/wp-json\/wp\/v2\/pages\/2942\/revisions"}],"predecessor-version":[{"id":3459,"href":"https:\/\/www.historicwheels.be\/fr\/wp-json\/wp\/v2\/pages\/2942\/revisions\/3459"}],"wp:attachment":[{"href":"https:\/\/www.historicwheels.be\/fr\/wp-json\/wp\/v2\/media?parent=2942"}],"curies":[{"name":"wp","href":"https:\/\/api.w.org\/{rel}","templated":true}]}}